{"id":3141,"date":"2020-02-04T15:35:16","date_gmt":"2020-02-04T14:35:16","guid":{"rendered":"https:\/\/oc.artception.fr\/expertise\/"},"modified":"2026-02-11T00:09:19","modified_gmt":"2026-02-10T23:09:19","slug":"expertise","status":"publish","type":"page","link":"https:\/\/onechocolate.fr\/en\/expertise\/","title":{"rendered":"Expertise"},"content":{"rendered":"","protected":false},"excerpt":{"rendered":"","protected":false},"author":1,"featured_media":0,"parent":0,"menu_order":0,"comment_status":"closed","ping_status":"closed","template":"page-expertise.php","meta":{"_acf_changed":false,"footnotes":""},"class_list":["post-3141","page","type-page","status-publish","hentry"],"acf":[],"yoast_head":"<!-- This site is optimized with the Yoast SEO Premium plugin v27.3 (Yoast SEO v27.4) - https:\/\/yoast.com\/product\/yoast-seo-premium-wordpress\/ -->\n<title>OneChocolate- Press Relations and Digital Communications Agency- Expertise<\/title>\n<meta name=\"description\" content=\"Explore our services and areas of expertise - Press Relations, Digital Communication, and Content Creation.\" \/>\n<meta name=\"robots\" content=\"index, follow, max-snippet:-1, max-image-preview:large, max-video-preview:-1\" \/>\n<link rel=\"canonical\" href=\"https:\/\/onechocolate.fr\/en\/expertise\/\" \/>\n<meta property=\"og:locale\" content=\"en_US\" \/>\n<meta property=\"og:type\" content=\"article\" \/>\n<meta property=\"og:title\" content=\"OneChocolate - Press &amp; digital relations agency - Expertises\" \/>\n<meta property=\"og:description\" content=\"OneChocolate, a PR and Digital Communications Agency, helps customers and their brands stand out from the crowd in their target markets.\" \/>\n<meta property=\"og:url\" content=\"https:\/\/onechocolate.fr\/en\/expertise\/\" \/>\n<meta property=\"og:site_name\" content=\"OneChocolate\" \/>\n<meta property=\"article:modified_time\" content=\"2026-02-10T23:09:19+00:00\" \/>\n<meta property=\"og:image\" content=\"https:\/\/www.onechocolate.fr\/wp-content\/uploads\/2020\/06\/pr_image01.png\" \/>\n<meta name=\"twitter:card\" content=\"summary_large_image\" \/>\n<meta name=\"twitter:title\" content=\"OneChocolate - Press relations agency - Expertises\" \/>\n<meta name=\"twitter:description\" content=\"OneChocolate, a PR and Digital Communications Agency, helps customers and their brands stand out from the crowd in their target markets.\" \/>\n<meta name=\"twitter:image\" content=\"https:\/\/www.onechocolate.fr\/wp-content\/uploads\/2020\/06\/pr_image01.png\" \/>\n<script type=\"application\/ld+json\" class=\"yoast-schema-graph\">{\"@context\":\"https:\\\/\\\/schema.org\",\"@graph\":[{\"@type\":\"WebPage\",\"@id\":\"https:\\\/\\\/onechocolate.fr\\\/en\\\/expertise\\\/\",\"url\":\"https:\\\/\\\/onechocolate.fr\\\/en\\\/expertise\\\/\",\"name\":\"OneChocolate- Press Relations and Digital Communications Agency- Expertise\",\"isPartOf\":{\"@id\":\"https:\\\/\\\/onechocolate.fr\\\/en\\\/#website\"},\"datePublished\":\"2020-02-04T14:35:16+00:00\",\"dateModified\":\"2026-02-10T23:09:19+00:00\",\"description\":\"Explore our services and areas of expertise - Press Relations, Digital Communication, and Content Creation.\",\"breadcrumb\":{\"@id\":\"https:\\\/\\\/onechocolate.fr\\\/en\\\/expertise\\\/#breadcrumb\"},\"inLanguage\":\"en-US\",\"potentialAction\":[{\"@type\":\"ReadAction\",\"target\":[\"https:\\\/\\\/onechocolate.fr\\\/en\\\/expertise\\\/\"]}]},{\"@type\":\"BreadcrumbList\",\"@id\":\"https:\\\/\\\/onechocolate.fr\\\/en\\\/expertise\\\/#breadcrumb\",\"itemListElement\":[{\"@type\":\"ListItem\",\"position\":1,\"name\":\"Accueil\",\"item\":\"https:\\\/\\\/onechocolate.fr\\\/en\\\/\"},{\"@type\":\"ListItem\",\"position\":2,\"name\":\"Expertise\"}]},{\"@type\":\"WebSite\",\"@id\":\"https:\\\/\\\/onechocolate.fr\\\/en\\\/#website\",\"url\":\"https:\\\/\\\/onechocolate.fr\\\/en\\\/\",\"name\":\"OneChocolate\",\"description\":\"Votre visibilit\u00e9, notre priorit\u00e9 !\",\"publisher\":{\"@id\":\"https:\\\/\\\/onechocolate.fr\\\/en\\\/#organization\"},\"alternateName\":\"OneChocolate France\",\"potentialAction\":[{\"@type\":\"SearchAction\",\"target\":{\"@type\":\"EntryPoint\",\"urlTemplate\":\"https:\\\/\\\/onechocolate.fr\\\/en\\\/?s={search_term_string}\"},\"query-input\":{\"@type\":\"PropertyValueSpecification\",\"valueRequired\":true,\"valueName\":\"search_term_string\"}}],\"inLanguage\":\"en-US\"},{\"@type\":\"Organization\",\"@id\":\"https:\\\/\\\/onechocolate.fr\\\/en\\\/#organization\",\"name\":\"OneChocolate France\",\"alternateName\":\"OneChocolate\",\"url\":\"https:\\\/\\\/onechocolate.fr\\\/en\\\/\",\"logo\":{\"@type\":\"ImageObject\",\"inLanguage\":\"en-US\",\"@id\":\"https:\\\/\\\/onechocolate.fr\\\/en\\\/#\\\/schema\\\/logo\\\/image\\\/\",\"url\":\"https:\\\/\\\/onechocolate.fr\\\/wp-content\\\/uploads\\\/2025\\\/03\\\/opengraph.jpg\",\"contentUrl\":\"https:\\\/\\\/onechocolate.fr\\\/wp-content\\\/uploads\\\/2025\\\/03\\\/opengraph.jpg\",\"width\":1200,\"height\":630,\"caption\":\"OneChocolate France\"},\"image\":{\"@id\":\"https:\\\/\\\/onechocolate.fr\\\/en\\\/#\\\/schema\\\/logo\\\/image\\\/\"},\"sameAs\":[\"https:\\\/\\\/www.linkedin.com\\\/company\\\/onechocolatefrance\\\/\",\"https:\\\/\\\/www.youtube.com\\\/@EdouardFleuriau-Chateau\",\"https:\\\/\\\/www.instagram.com\\\/onechocolate_fr\"],\"description\":\"OneChocolate est une agence de relations presse et de communication digitale ind\u00e9pendante bas\u00e9e \u00e0 Paris. Depuis 1996, elle accompagne les marques tech B2B (Veeam), cybers\u00e9curit\u00e9, fintech-assurtech et lifestyle dans leur strat\u00e9gie de visibilit\u00e9, en France et \u00e0 l\u2019international. Son \u00e9quipe d'experts con\u00e7oit des campagnes sur mesure en relations presse, cr\u00e9ation de contenu et r\u00e9seaux sociaux, guid\u00e9e par des valeurs humaines fortes : int\u00e9grit\u00e9, empathie, esprit d\u2019\u00e9quipe.\",\"email\":\"hello@onechocolate.fr\",\"telephone\":\"+33 1 41 31 75 00\",\"legalName\":\"KIWIS & KAKIS\",\"foundingDate\":\"1996-03-01\",\"vatID\":\"FR45830886685\",\"taxID\":\"83088668500023\",\"numberOfEmployees\":{\"@type\":\"QuantitativeValue\",\"minValue\":\"11\",\"maxValue\":\"50\"},\"publishingPrinciples\":\"https:\\\/\\\/onechocolate.fr\\\/\",\"ethicsPolicy\":\"https:\\\/\\\/onechocolate.fr\\\/identite\\\/\",\"diversityPolicy\":\"https:\\\/\\\/onechocolate.fr\\\/identite\\\/\",\"diversityStaffingReport\":\"https:\\\/\\\/onechocolate.fr\\\/identite\\\/\"}]}<\/script>\n<!-- \/ Yoast SEO Premium plugin. -->","yoast_head_json":{"title":"OneChocolate- Press Relations and Digital Communications Agency- Expertise","description":"Explore our services and areas of expertise - Press Relations, Digital Communication, and Content Creation.","robots":{"index":"index","follow":"follow","max-snippet":"max-snippet:-1","max-image-preview":"max-image-preview:large","max-video-preview":"max-video-preview:-1"},"canonical":"https:\/\/onechocolate.fr\/en\/expertise\/","og_locale":"en_US","og_type":"article","og_title":"OneChocolate - Press & digital relations agency - Expertises","og_description":"OneChocolate, a PR and Digital Communications Agency, helps customers and their brands stand out from the crowd in their target markets.","og_url":"https:\/\/onechocolate.fr\/en\/expertise\/","og_site_name":"OneChocolate","article_modified_time":"2026-02-10T23:09:19+00:00","og_image":[{"url":"https:\/\/www.onechocolate.fr\/wp-content\/uploads\/2020\/06\/pr_image01.png","type":"","width":"","height":""}],"twitter_card":"summary_large_image","twitter_title":"OneChocolate - Press relations agency - Expertises","twitter_description":"OneChocolate, a PR and Digital Communications Agency, helps customers and their brands stand out from the crowd in their target markets.","twitter_image":"https:\/\/www.onechocolate.fr\/wp-content\/uploads\/2020\/06\/pr_image01.png","schema":{"@context":"https:\/\/schema.org","@graph":[{"@type":"WebPage","@id":"https:\/\/onechocolate.fr\/en\/expertise\/","url":"https:\/\/onechocolate.fr\/en\/expertise\/","name":"OneChocolate- Press Relations and Digital Communications Agency- Expertise","isPartOf":{"@id":"https:\/\/onechocolate.fr\/en\/#website"},"datePublished":"2020-02-04T14:35:16+00:00","dateModified":"2026-02-10T23:09:19+00:00","description":"Explore our services and areas of expertise - Press Relations, Digital Communication, and Content Creation.","breadcrumb":{"@id":"https:\/\/onechocolate.fr\/en\/expertise\/#breadcrumb"},"inLanguage":"en-US","potentialAction":[{"@type":"ReadAction","target":["https:\/\/onechocolate.fr\/en\/expertise\/"]}]},{"@type":"BreadcrumbList","@id":"https:\/\/onechocolate.fr\/en\/expertise\/#breadcrumb","itemListElement":[{"@type":"ListItem","position":1,"name":"Accueil","item":"https:\/\/onechocolate.fr\/en\/"},{"@type":"ListItem","position":2,"name":"Expertise"}]},{"@type":"WebSite","@id":"https:\/\/onechocolate.fr\/en\/#website","url":"https:\/\/onechocolate.fr\/en\/","name":"OneChocolate","description":"Votre visibilit\u00e9, notre priorit\u00e9 !","publisher":{"@id":"https:\/\/onechocolate.fr\/en\/#organization"},"alternateName":"OneChocolate France","potentialAction":[{"@type":"SearchAction","target":{"@type":"EntryPoint","urlTemplate":"https:\/\/onechocolate.fr\/en\/?s={search_term_string}"},"query-input":{"@type":"PropertyValueSpecification","valueRequired":true,"valueName":"search_term_string"}}],"inLanguage":"en-US"},{"@type":"Organization","@id":"https:\/\/onechocolate.fr\/en\/#organization","name":"OneChocolate France","alternateName":"OneChocolate","url":"https:\/\/onechocolate.fr\/en\/","logo":{"@type":"ImageObject","inLanguage":"en-US","@id":"https:\/\/onechocolate.fr\/en\/#\/schema\/logo\/image\/","url":"https:\/\/onechocolate.fr\/wp-content\/uploads\/2025\/03\/opengraph.jpg","contentUrl":"https:\/\/onechocolate.fr\/wp-content\/uploads\/2025\/03\/opengraph.jpg","width":1200,"height":630,"caption":"OneChocolate France"},"image":{"@id":"https:\/\/onechocolate.fr\/en\/#\/schema\/logo\/image\/"},"sameAs":["https:\/\/www.linkedin.com\/company\/onechocolatefrance\/","https:\/\/www.youtube.com\/@EdouardFleuriau-Chateau","https:\/\/www.instagram.com\/onechocolate_fr"],"description":"OneChocolate est une agence de relations presse et de communication digitale ind\u00e9pendante bas\u00e9e \u00e0 Paris. Depuis 1996, elle accompagne les marques tech B2B (Veeam), cybers\u00e9curit\u00e9, fintech-assurtech et lifestyle dans leur strat\u00e9gie de visibilit\u00e9, en France et \u00e0 l\u2019international. Son \u00e9quipe d'experts con\u00e7oit des campagnes sur mesure en relations presse, cr\u00e9ation de contenu et r\u00e9seaux sociaux, guid\u00e9e par des valeurs humaines fortes : int\u00e9grit\u00e9, empathie, esprit d\u2019\u00e9quipe.","email":"hello@onechocolate.fr","telephone":"+33 1 41 31 75 00","legalName":"KIWIS & KAKIS","foundingDate":"1996-03-01","vatID":"FR45830886685","taxID":"83088668500023","numberOfEmployees":{"@type":"QuantitativeValue","minValue":"11","maxValue":"50"},"publishingPrinciples":"https:\/\/onechocolate.fr\/","ethicsPolicy":"https:\/\/onechocolate.fr\/identite\/","diversityPolicy":"https:\/\/onechocolate.fr\/identite\/","diversityStaffingReport":"https:\/\/onechocolate.fr\/identite\/"}]}},"_links":{"self":[{"href":"https:\/\/onechocolate.fr\/en\/wp-json\/wp\/v2\/pages\/3141","targetHints":{"allow":["GET"]}}],"collection":[{"href":"https:\/\/onechocolate.fr\/en\/wp-json\/wp\/v2\/pages"}],"about":[{"href":"https:\/\/onechocolate.fr\/en\/wp-json\/wp\/v2\/types\/page"}],"author":[{"embeddable":true,"href":"https:\/\/onechocolate.fr\/en\/wp-json\/wp\/v2\/users\/1"}],"replies":[{"embeddable":true,"href":"https:\/\/onechocolate.fr\/en\/wp-json\/wp\/v2\/comments?post=3141"}],"version-history":[{"count":3,"href":"https:\/\/onechocolate.fr\/en\/wp-json\/wp\/v2\/pages\/3141\/revisions"}],"predecessor-version":[{"id":3452,"href":"https:\/\/onechocolate.fr\/en\/wp-json\/wp\/v2\/pages\/3141\/revisions\/3452"}],"wp:attachment":[{"href":"https:\/\/onechocolate.fr\/en\/wp-json\/wp\/v2\/media?parent=3141"}],"curies":[{"name":"wp","href":"https:\/\/api.w.org\/{rel}","templated":true}]}}