{"id":3149,"date":"2020-02-04T15:36:15","date_gmt":"2020-02-04T14:36:15","guid":{"rendered":"https:\/\/oc.artception.fr\/contact-us\/"},"modified":"2026-02-11T01:01:17","modified_gmt":"2026-02-11T00:01:17","slug":"contact-us","status":"publish","type":"page","link":"https:\/\/onechocolate.fr\/en\/contact-us\/","title":{"rendered":"Contact us"},"content":{"rendered":"<p style=\"text-align: center;\">Looking to contact a PR agency in France to set up a <strong>winning strategy<\/strong>, an <strong>impactful campaign<\/strong>, or an <strong>innovative idea<\/strong>?<br \/>\nOur <a href=\"https:\/\/onechocolate.fr\/en\/identity\/#team\">team of experts<\/a> are here to guide and advise you at every stage of your project.<\/p>\n<p style=\"text-align: center;\">You only have to <strong>fill out the form below<\/strong>.<\/p>\n","protected":false},"excerpt":{"rendered":"<p>Looking to contact a PR agency in France to set up a winning strategy, an impactful campaign, or an innovative idea? Our team of experts are here to guide and advise you at every stage of your project. You only have to fill out the form below.<\/p>\n","protected":false},"author":1,"featured_media":4072,"parent":0,"menu_order":0,"comment_status":"closed","ping_status":"closed","template":"page-contact.php","meta":{"_acf_changed":false,"footnotes":""},"class_list":["post-3149","page","type-page","status-publish","has-post-thumbnail","hentry"],"acf":[],"yoast_head":"<!-- This site is optimized with the Yoast SEO Premium plugin v27.3 (Yoast SEO v27.4) - https:\/\/yoast.com\/product\/yoast-seo-premium-wordpress\/ -->\n<title>OneChocolate - Press Relations and Digital Communications Agency - Contact us<\/title>\n<meta name=\"description\" content=\"Contact our PR agency at +33 1 41 31 75 00, send us an e-mail at hello@onechocolate.fr, or come and meet us at 9 rue de Clichy 75009 in Paris!\" \/>\n<meta name=\"robots\" content=\"index, follow, max-snippet:-1, max-image-preview:large, max-video-preview:-1\" \/>\n<link rel=\"canonical\" href=\"https:\/\/onechocolate.fr\/en\/contact-us\/\" \/>\n<meta property=\"og:locale\" content=\"en_US\" \/>\n<meta property=\"og:type\" content=\"article\" \/>\n<meta property=\"og:title\" content=\"OneChocolate - Press Relations and Digital Communications Agency - Contact\" \/>\n<meta property=\"og:description\" content=\"Call us at +33 1 41 31 75 00, send us an e-mail at hello@onechocolate.fr, or come and meet us at 9 rue de Clichy 75009 in Paris!\" \/>\n<meta property=\"og:url\" content=\"https:\/\/onechocolate.fr\/en\/contact-us\/\" \/>\n<meta property=\"og:site_name\" content=\"OneChocolate\" \/>\n<meta property=\"article:modified_time\" content=\"2026-02-11T00:01:17+00:00\" \/>\n<meta property=\"og:image\" content=\"https:\/\/www.onechocolate.fr\/wp-content\/uploads\/2020\/06\/contact-us-img.png\" \/>\n<meta name=\"twitter:card\" content=\"summary_large_image\" \/>\n<meta name=\"twitter:title\" content=\"OneChocolate - Press Relations and Digital Communications Agency - Contact\" \/>\n<meta name=\"twitter:description\" content=\"Call us at +33 1 41 31 75 00, send us an e-mail at hello@onechocolate.fr, or come and meet us at 9 rue de Clichy 75009 in Paris!\" \/>\n<meta name=\"twitter:image\" content=\"https:\/\/www.onechocolate.fr\/wp-content\/uploads\/2020\/06\/contact-us-img.png\" \/>\n<meta name=\"twitter:label1\" content=\"Est. reading time\" \/>\n\t<meta name=\"twitter:data1\" content=\"1 minute\" \/>\n<script type=\"application\/ld+json\" class=\"yoast-schema-graph\">{\"@context\":\"https:\\\/\\\/schema.org\",\"@graph\":[{\"@type\":\"WebPage\",\"@id\":\"https:\\\/\\\/onechocolate.fr\\\/en\\\/contact-us\\\/\",\"url\":\"https:\\\/\\\/onechocolate.fr\\\/en\\\/contact-us\\\/\",\"name\":\"OneChocolate - Press Relations and Digital Communications Agency - Contact us\",\"isPartOf\":{\"@id\":\"https:\\\/\\\/onechocolate.fr\\\/en\\\/#website\"},\"primaryImageOfPage\":{\"@id\":\"https:\\\/\\\/onechocolate.fr\\\/en\\\/contact-us\\\/#primaryimage\"},\"image\":{\"@id\":\"https:\\\/\\\/onechocolate.fr\\\/en\\\/contact-us\\\/#primaryimage\"},\"thumbnailUrl\":\"https:\\\/\\\/onechocolate.fr\\\/wp-content\\\/uploads\\\/2025\\\/03\\\/Onechocolate-2000-7-e1741774919173.jpg\",\"datePublished\":\"2020-02-04T14:36:15+00:00\",\"dateModified\":\"2026-02-11T00:01:17+00:00\",\"description\":\"Contact our PR agency at +33 1 41 31 75 00, send us an e-mail at hello@onechocolate.fr, or come and meet us at 9 rue de Clichy 75009 in Paris!\",\"breadcrumb\":{\"@id\":\"https:\\\/\\\/onechocolate.fr\\\/en\\\/contact-us\\\/#breadcrumb\"},\"inLanguage\":\"en-US\",\"potentialAction\":[{\"@type\":\"ReadAction\",\"target\":[\"https:\\\/\\\/onechocolate.fr\\\/en\\\/contact-us\\\/\"]}]},{\"@type\":\"ImageObject\",\"inLanguage\":\"en-US\",\"@id\":\"https:\\\/\\\/onechocolate.fr\\\/en\\\/contact-us\\\/#primaryimage\",\"url\":\"https:\\\/\\\/onechocolate.fr\\\/wp-content\\\/uploads\\\/2025\\\/03\\\/Onechocolate-2000-7-e1741774919173.jpg\",\"contentUrl\":\"https:\\\/\\\/onechocolate.fr\\\/wp-content\\\/uploads\\\/2025\\\/03\\\/Onechocolate-2000-7-e1741774919173.jpg\",\"width\":1573,\"height\":983,\"caption\":\"L'\u00e9quipe OneChocolate au travail dans ses bureaux parisiens.\"},{\"@type\":\"BreadcrumbList\",\"@id\":\"https:\\\/\\\/onechocolate.fr\\\/en\\\/contact-us\\\/#breadcrumb\",\"itemListElement\":[{\"@type\":\"ListItem\",\"position\":1,\"name\":\"Accueil\",\"item\":\"https:\\\/\\\/onechocolate.fr\\\/en\\\/\"},{\"@type\":\"ListItem\",\"position\":2,\"name\":\"Contact us\"}]},{\"@type\":\"WebSite\",\"@id\":\"https:\\\/\\\/onechocolate.fr\\\/en\\\/#website\",\"url\":\"https:\\\/\\\/onechocolate.fr\\\/en\\\/\",\"name\":\"OneChocolate\",\"description\":\"Votre visibilit\u00e9, notre priorit\u00e9 !\",\"publisher\":{\"@id\":\"https:\\\/\\\/onechocolate.fr\\\/en\\\/#organization\"},\"alternateName\":\"OneChocolate France\",\"potentialAction\":[{\"@type\":\"SearchAction\",\"target\":{\"@type\":\"EntryPoint\",\"urlTemplate\":\"https:\\\/\\\/onechocolate.fr\\\/en\\\/?s={search_term_string}\"},\"query-input\":{\"@type\":\"PropertyValueSpecification\",\"valueRequired\":true,\"valueName\":\"search_term_string\"}}],\"inLanguage\":\"en-US\"},{\"@type\":\"Organization\",\"@id\":\"https:\\\/\\\/onechocolate.fr\\\/en\\\/#organization\",\"name\":\"OneChocolate France\",\"alternateName\":\"OneChocolate\",\"url\":\"https:\\\/\\\/onechocolate.fr\\\/en\\\/\",\"logo\":{\"@type\":\"ImageObject\",\"inLanguage\":\"en-US\",\"@id\":\"https:\\\/\\\/onechocolate.fr\\\/en\\\/#\\\/schema\\\/logo\\\/image\\\/\",\"url\":\"https:\\\/\\\/onechocolate.fr\\\/wp-content\\\/uploads\\\/2025\\\/03\\\/opengraph.jpg\",\"contentUrl\":\"https:\\\/\\\/onechocolate.fr\\\/wp-content\\\/uploads\\\/2025\\\/03\\\/opengraph.jpg\",\"width\":1200,\"height\":630,\"caption\":\"OneChocolate France\"},\"image\":{\"@id\":\"https:\\\/\\\/onechocolate.fr\\\/en\\\/#\\\/schema\\\/logo\\\/image\\\/\"},\"sameAs\":[\"https:\\\/\\\/www.linkedin.com\\\/company\\\/onechocolatefrance\\\/\",\"https:\\\/\\\/www.youtube.com\\\/@EdouardFleuriau-Chateau\",\"https:\\\/\\\/www.instagram.com\\\/onechocolate_fr\"],\"description\":\"OneChocolate est une agence de relations presse et de communication digitale ind\u00e9pendante bas\u00e9e \u00e0 Paris. Depuis 1996, elle accompagne les marques tech B2B (Veeam), cybers\u00e9curit\u00e9, fintech-assurtech et lifestyle dans leur strat\u00e9gie de visibilit\u00e9, en France et \u00e0 l\u2019international. Son \u00e9quipe d'experts con\u00e7oit des campagnes sur mesure en relations presse, cr\u00e9ation de contenu et r\u00e9seaux sociaux, guid\u00e9e par des valeurs humaines fortes : int\u00e9grit\u00e9, empathie, esprit d\u2019\u00e9quipe.\",\"email\":\"hello@onechocolate.fr\",\"telephone\":\"+33 1 41 31 75 00\",\"legalName\":\"KIWIS & KAKIS\",\"foundingDate\":\"1996-03-01\",\"vatID\":\"FR45830886685\",\"taxID\":\"83088668500023\",\"numberOfEmployees\":{\"@type\":\"QuantitativeValue\",\"minValue\":\"11\",\"maxValue\":\"50\"},\"publishingPrinciples\":\"https:\\\/\\\/onechocolate.fr\\\/\",\"ethicsPolicy\":\"https:\\\/\\\/onechocolate.fr\\\/identite\\\/\",\"diversityPolicy\":\"https:\\\/\\\/onechocolate.fr\\\/identite\\\/\",\"diversityStaffingReport\":\"https:\\\/\\\/onechocolate.fr\\\/identite\\\/\"}]}<\/script>\n<!-- \/ Yoast SEO Premium plugin. -->","yoast_head_json":{"title":"OneChocolate - Press Relations and Digital Communications Agency - Contact us","description":"Contact our PR agency at +33 1 41 31 75 00, send us an e-mail at hello@onechocolate.fr, or come and meet us at 9 rue de Clichy 75009 in Paris!","robots":{"index":"index","follow":"follow","max-snippet":"max-snippet:-1","max-image-preview":"max-image-preview:large","max-video-preview":"max-video-preview:-1"},"canonical":"https:\/\/onechocolate.fr\/en\/contact-us\/","og_locale":"en_US","og_type":"article","og_title":"OneChocolate - Press Relations and Digital Communications Agency - Contact","og_description":"Call us at +33 1 41 31 75 00, send us an e-mail at hello@onechocolate.fr, or come and meet us at 9 rue de Clichy 75009 in Paris!","og_url":"https:\/\/onechocolate.fr\/en\/contact-us\/","og_site_name":"OneChocolate","article_modified_time":"2026-02-11T00:01:17+00:00","og_image":[{"url":"https:\/\/www.onechocolate.fr\/wp-content\/uploads\/2020\/06\/contact-us-img.png","type":"","width":"","height":""}],"twitter_card":"summary_large_image","twitter_title":"OneChocolate - Press Relations and Digital Communications Agency - Contact","twitter_description":"Call us at +33 1 41 31 75 00, send us an e-mail at hello@onechocolate.fr, or come and meet us at 9 rue de Clichy 75009 in Paris!","twitter_image":"https:\/\/www.onechocolate.fr\/wp-content\/uploads\/2020\/06\/contact-us-img.png","twitter_misc":{"Est. reading time":"1 minute"},"schema":{"@context":"https:\/\/schema.org","@graph":[{"@type":"WebPage","@id":"https:\/\/onechocolate.fr\/en\/contact-us\/","url":"https:\/\/onechocolate.fr\/en\/contact-us\/","name":"OneChocolate - Press Relations and Digital Communications Agency - Contact us","isPartOf":{"@id":"https:\/\/onechocolate.fr\/en\/#website"},"primaryImageOfPage":{"@id":"https:\/\/onechocolate.fr\/en\/contact-us\/#primaryimage"},"image":{"@id":"https:\/\/onechocolate.fr\/en\/contact-us\/#primaryimage"},"thumbnailUrl":"https:\/\/onechocolate.fr\/wp-content\/uploads\/2025\/03\/Onechocolate-2000-7-e1741774919173.jpg","datePublished":"2020-02-04T14:36:15+00:00","dateModified":"2026-02-11T00:01:17+00:00","description":"Contact our PR agency at +33 1 41 31 75 00, send us an e-mail at hello@onechocolate.fr, or come and meet us at 9 rue de Clichy 75009 in Paris!","breadcrumb":{"@id":"https:\/\/onechocolate.fr\/en\/contact-us\/#breadcrumb"},"inLanguage":"en-US","potentialAction":[{"@type":"ReadAction","target":["https:\/\/onechocolate.fr\/en\/contact-us\/"]}]},{"@type":"ImageObject","inLanguage":"en-US","@id":"https:\/\/onechocolate.fr\/en\/contact-us\/#primaryimage","url":"https:\/\/onechocolate.fr\/wp-content\/uploads\/2025\/03\/Onechocolate-2000-7-e1741774919173.jpg","contentUrl":"https:\/\/onechocolate.fr\/wp-content\/uploads\/2025\/03\/Onechocolate-2000-7-e1741774919173.jpg","width":1573,"height":983,"caption":"L'\u00e9quipe OneChocolate au travail dans ses bureaux parisiens."},{"@type":"BreadcrumbList","@id":"https:\/\/onechocolate.fr\/en\/contact-us\/#breadcrumb","itemListElement":[{"@type":"ListItem","position":1,"name":"Accueil","item":"https:\/\/onechocolate.fr\/en\/"},{"@type":"ListItem","position":2,"name":"Contact us"}]},{"@type":"WebSite","@id":"https:\/\/onechocolate.fr\/en\/#website","url":"https:\/\/onechocolate.fr\/en\/","name":"OneChocolate","description":"Votre visibilit\u00e9, notre priorit\u00e9 !","publisher":{"@id":"https:\/\/onechocolate.fr\/en\/#organization"},"alternateName":"OneChocolate France","potentialAction":[{"@type":"SearchAction","target":{"@type":"EntryPoint","urlTemplate":"https:\/\/onechocolate.fr\/en\/?s={search_term_string}"},"query-input":{"@type":"PropertyValueSpecification","valueRequired":true,"valueName":"search_term_string"}}],"inLanguage":"en-US"},{"@type":"Organization","@id":"https:\/\/onechocolate.fr\/en\/#organization","name":"OneChocolate France","alternateName":"OneChocolate","url":"https:\/\/onechocolate.fr\/en\/","logo":{"@type":"ImageObject","inLanguage":"en-US","@id":"https:\/\/onechocolate.fr\/en\/#\/schema\/logo\/image\/","url":"https:\/\/onechocolate.fr\/wp-content\/uploads\/2025\/03\/opengraph.jpg","contentUrl":"https:\/\/onechocolate.fr\/wp-content\/uploads\/2025\/03\/opengraph.jpg","width":1200,"height":630,"caption":"OneChocolate France"},"image":{"@id":"https:\/\/onechocolate.fr\/en\/#\/schema\/logo\/image\/"},"sameAs":["https:\/\/www.linkedin.com\/company\/onechocolatefrance\/","https:\/\/www.youtube.com\/@EdouardFleuriau-Chateau","https:\/\/www.instagram.com\/onechocolate_fr"],"description":"OneChocolate est une agence de relations presse et de communication digitale ind\u00e9pendante bas\u00e9e \u00e0 Paris. Depuis 1996, elle accompagne les marques tech B2B (Veeam), cybers\u00e9curit\u00e9, fintech-assurtech et lifestyle dans leur strat\u00e9gie de visibilit\u00e9, en France et \u00e0 l\u2019international. Son \u00e9quipe d'experts con\u00e7oit des campagnes sur mesure en relations presse, cr\u00e9ation de contenu et r\u00e9seaux sociaux, guid\u00e9e par des valeurs humaines fortes : int\u00e9grit\u00e9, empathie, esprit d\u2019\u00e9quipe.","email":"hello@onechocolate.fr","telephone":"+33 1 41 31 75 00","legalName":"KIWIS & KAKIS","foundingDate":"1996-03-01","vatID":"FR45830886685","taxID":"83088668500023","numberOfEmployees":{"@type":"QuantitativeValue","minValue":"11","maxValue":"50"},"publishingPrinciples":"https:\/\/onechocolate.fr\/","ethicsPolicy":"https:\/\/onechocolate.fr\/identite\/","diversityPolicy":"https:\/\/onechocolate.fr\/identite\/","diversityStaffingReport":"https:\/\/onechocolate.fr\/identite\/"}]}},"_links":{"self":[{"href":"https:\/\/onechocolate.fr\/en\/wp-json\/wp\/v2\/pages\/3149","targetHints":{"allow":["GET"]}}],"collection":[{"href":"https:\/\/onechocolate.fr\/en\/wp-json\/wp\/v2\/pages"}],"about":[{"href":"https:\/\/onechocolate.fr\/en\/wp-json\/wp\/v2\/types\/page"}],"author":[{"embeddable":true,"href":"https:\/\/onechocolate.fr\/en\/wp-json\/wp\/v2\/users\/1"}],"replies":[{"embeddable":true,"href":"https:\/\/onechocolate.fr\/en\/wp-json\/wp\/v2\/comments?post=3149"}],"version-history":[{"count":7,"href":"https:\/\/onechocolate.fr\/en\/wp-json\/wp\/v2\/pages\/3149\/revisions"}],"predecessor-version":[{"id":5208,"href":"https:\/\/onechocolate.fr\/en\/wp-json\/wp\/v2\/pages\/3149\/revisions\/5208"}],"wp:featuredmedia":[{"embeddable":true,"href":"https:\/\/onechocolate.fr\/en\/wp-json\/wp\/v2\/media\/4072"}],"wp:attachment":[{"href":"https:\/\/onechocolate.fr\/en\/wp-json\/wp\/v2\/media?parent=3149"}],"curies":[{"name":"wp","href":"https:\/\/api.w.org\/{rel}","templated":true}]}}