{"id":3152,"date":"2024-08-10T16:43:02","date_gmt":"2024-08-10T15:43:02","guid":{"rendered":"https:\/\/oc.artception.fr\/partners\/"},"modified":"2026-02-11T00:08:49","modified_gmt":"2026-02-10T23:08:49","slug":"partners","status":"publish","type":"page","link":"https:\/\/onechocolate.fr\/en\/partners\/","title":{"rendered":"Partner Networks"},"content":{"rendered":"<p style=\"text-align: center;\" data-start=\"0\" data-end=\"254\">At OneChocolate, we are fortunate to belong to <strong>several networks of independent agencies with a global footprint<\/strong>. By working closely with our trusted partners around the world, we can offer clients expertise that reaches far beyond the local market.<\/p>\n<p style=\"text-align: center;\" data-start=\"256\" data-end=\"525\">When you work with us, you gain access to a community of professionals who share the same values and work ethic. Together, we pool our strengths to <strong>support your international ambitions<\/strong>, all while respecting cultural nuances and the unique characteristics of each market.<\/p>\n<p style=\"text-align: center;\" data-start=\"527\" data-end=\"774\" data-is-last-node=\"\" data-is-only-node=\"\">Whether you are <strong>implementing a European press relations strategy<\/strong>, <strong>designing a multilingual digital campaign<\/strong>, or <strong>adapting content for multiple target audiences<\/strong>, we join forces with our partners to ensure smooth coordination and consistent results.<\/p>\n","protected":false},"excerpt":{"rendered":"<p>At OneChocolate, we are fortunate to belong to several networks of independent agencies with a global footprint. By working closely with our trusted partners around the world, we can offer clients expertise that reaches far beyond the local market. When you work with us, you gain access to a community of professionals who share the [&hellip;]<\/p>\n","protected":false},"author":1,"featured_media":0,"parent":0,"menu_order":0,"comment_status":"closed","ping_status":"closed","template":"page-partners.php","meta":{"_acf_changed":false,"footnotes":""},"class_list":["post-3152","page","type-page","status-publish","hentry"],"acf":[],"yoast_head":"<!-- This site is optimized with the Yoast SEO Premium plugin v27.3 (Yoast SEO v27.4) - https:\/\/yoast.com\/product\/yoast-seo-premium-wordpress\/ -->\n<title>Partner Networks - OneChocolate<\/title>\n<meta name=\"description\" content=\"Leverage our global networks of independent PR agencies to tailor your PR strategy to every market.\" \/>\n<meta name=\"robots\" content=\"index, follow, max-snippet:-1, max-image-preview:large, max-video-preview:-1\" \/>\n<link rel=\"canonical\" href=\"https:\/\/onechocolate.fr\/en\/partners\/\" \/>\n<meta property=\"og:locale\" content=\"en_US\" \/>\n<meta property=\"og:type\" content=\"article\" \/>\n<meta property=\"og:title\" content=\"Partner Networks\" \/>\n<meta property=\"og:description\" content=\"Leverage our global networks of independent PR agencies to tailor your PR strategy to every market.\" \/>\n<meta property=\"og:url\" content=\"https:\/\/onechocolate.fr\/en\/partners\/\" \/>\n<meta property=\"og:site_name\" content=\"OneChocolate\" \/>\n<meta property=\"article:modified_time\" content=\"2026-02-10T23:08:49+00:00\" \/>\n<meta property=\"og:image\" content=\"https:\/\/onechocolate.fr\/wp-content\/uploads\/2025\/03\/opengraph.jpg\" \/>\n\t<meta property=\"og:image:width\" content=\"1200\" \/>\n\t<meta property=\"og:image:height\" content=\"630\" \/>\n\t<meta property=\"og:image:type\" content=\"image\/jpeg\" \/>\n<meta name=\"twitter:card\" content=\"summary_large_image\" \/>\n<meta name=\"twitter:label1\" content=\"Est. reading time\" \/>\n\t<meta name=\"twitter:data1\" content=\"1 minute\" \/>\n<script type=\"application\/ld+json\" class=\"yoast-schema-graph\">{\"@context\":\"https:\\\/\\\/schema.org\",\"@graph\":[{\"@type\":\"WebPage\",\"@id\":\"https:\\\/\\\/onechocolate.fr\\\/en\\\/partners\\\/\",\"url\":\"https:\\\/\\\/onechocolate.fr\\\/en\\\/partners\\\/\",\"name\":\"Partner Networks - OneChocolate\",\"isPartOf\":{\"@id\":\"https:\\\/\\\/onechocolate.fr\\\/en\\\/#website\"},\"datePublished\":\"2024-08-10T15:43:02+00:00\",\"dateModified\":\"2026-02-10T23:08:49+00:00\",\"description\":\"Leverage our global networks of independent PR agencies to tailor your PR strategy to every market.\",\"breadcrumb\":{\"@id\":\"https:\\\/\\\/onechocolate.fr\\\/en\\\/partners\\\/#breadcrumb\"},\"inLanguage\":\"en-US\",\"potentialAction\":[{\"@type\":\"ReadAction\",\"target\":[\"https:\\\/\\\/onechocolate.fr\\\/en\\\/partners\\\/\"]}]},{\"@type\":\"BreadcrumbList\",\"@id\":\"https:\\\/\\\/onechocolate.fr\\\/en\\\/partners\\\/#breadcrumb\",\"itemListElement\":[{\"@type\":\"ListItem\",\"position\":1,\"name\":\"Accueil\",\"item\":\"https:\\\/\\\/onechocolate.fr\\\/en\\\/\"},{\"@type\":\"ListItem\",\"position\":2,\"name\":\"Partner Networks\"}]},{\"@type\":\"WebSite\",\"@id\":\"https:\\\/\\\/onechocolate.fr\\\/en\\\/#website\",\"url\":\"https:\\\/\\\/onechocolate.fr\\\/en\\\/\",\"name\":\"OneChocolate\",\"description\":\"Votre visibilit\u00e9, notre priorit\u00e9 !\",\"publisher\":{\"@id\":\"https:\\\/\\\/onechocolate.fr\\\/en\\\/#organization\"},\"alternateName\":\"OneChocolate France\",\"potentialAction\":[{\"@type\":\"SearchAction\",\"target\":{\"@type\":\"EntryPoint\",\"urlTemplate\":\"https:\\\/\\\/onechocolate.fr\\\/en\\\/?s={search_term_string}\"},\"query-input\":{\"@type\":\"PropertyValueSpecification\",\"valueRequired\":true,\"valueName\":\"search_term_string\"}}],\"inLanguage\":\"en-US\"},{\"@type\":\"Organization\",\"@id\":\"https:\\\/\\\/onechocolate.fr\\\/en\\\/#organization\",\"name\":\"OneChocolate France\",\"alternateName\":\"OneChocolate\",\"url\":\"https:\\\/\\\/onechocolate.fr\\\/en\\\/\",\"logo\":{\"@type\":\"ImageObject\",\"inLanguage\":\"en-US\",\"@id\":\"https:\\\/\\\/onechocolate.fr\\\/en\\\/#\\\/schema\\\/logo\\\/image\\\/\",\"url\":\"https:\\\/\\\/onechocolate.fr\\\/wp-content\\\/uploads\\\/2025\\\/03\\\/opengraph.jpg\",\"contentUrl\":\"https:\\\/\\\/onechocolate.fr\\\/wp-content\\\/uploads\\\/2025\\\/03\\\/opengraph.jpg\",\"width\":1200,\"height\":630,\"caption\":\"OneChocolate France\"},\"image\":{\"@id\":\"https:\\\/\\\/onechocolate.fr\\\/en\\\/#\\\/schema\\\/logo\\\/image\\\/\"},\"sameAs\":[\"https:\\\/\\\/www.linkedin.com\\\/company\\\/onechocolatefrance\\\/\",\"https:\\\/\\\/www.youtube.com\\\/@EdouardFleuriau-Chateau\",\"https:\\\/\\\/www.instagram.com\\\/onechocolate_fr\"],\"description\":\"OneChocolate est une agence de relations presse et de communication digitale ind\u00e9pendante bas\u00e9e \u00e0 Paris. Depuis 1996, elle accompagne les marques tech B2B (Veeam), cybers\u00e9curit\u00e9, fintech-assurtech et lifestyle dans leur strat\u00e9gie de visibilit\u00e9, en France et \u00e0 l\u2019international. Son \u00e9quipe d'experts con\u00e7oit des campagnes sur mesure en relations presse, cr\u00e9ation de contenu et r\u00e9seaux sociaux, guid\u00e9e par des valeurs humaines fortes : int\u00e9grit\u00e9, empathie, esprit d\u2019\u00e9quipe.\",\"email\":\"hello@onechocolate.fr\",\"telephone\":\"+33 1 41 31 75 00\",\"legalName\":\"KIWIS & KAKIS\",\"foundingDate\":\"1996-03-01\",\"vatID\":\"FR45830886685\",\"taxID\":\"83088668500023\",\"numberOfEmployees\":{\"@type\":\"QuantitativeValue\",\"minValue\":\"11\",\"maxValue\":\"50\"},\"publishingPrinciples\":\"https:\\\/\\\/onechocolate.fr\\\/\",\"ethicsPolicy\":\"https:\\\/\\\/onechocolate.fr\\\/identite\\\/\",\"diversityPolicy\":\"https:\\\/\\\/onechocolate.fr\\\/identite\\\/\",\"diversityStaffingReport\":\"https:\\\/\\\/onechocolate.fr\\\/identite\\\/\"}]}<\/script>\n<!-- \/ Yoast SEO Premium plugin. -->","yoast_head_json":{"title":"Partner Networks - OneChocolate","description":"Leverage our global networks of independent PR agencies to tailor your PR strategy to every market.","robots":{"index":"index","follow":"follow","max-snippet":"max-snippet:-1","max-image-preview":"max-image-preview:large","max-video-preview":"max-video-preview:-1"},"canonical":"https:\/\/onechocolate.fr\/en\/partners\/","og_locale":"en_US","og_type":"article","og_title":"Partner Networks","og_description":"Leverage our global networks of independent PR agencies to tailor your PR strategy to every market.","og_url":"https:\/\/onechocolate.fr\/en\/partners\/","og_site_name":"OneChocolate","article_modified_time":"2026-02-10T23:08:49+00:00","og_image":[{"width":1200,"height":630,"url":"https:\/\/onechocolate.fr\/wp-content\/uploads\/2025\/03\/opengraph.jpg","type":"image\/jpeg"}],"twitter_card":"summary_large_image","twitter_misc":{"Est. reading time":"1 minute"},"schema":{"@context":"https:\/\/schema.org","@graph":[{"@type":"WebPage","@id":"https:\/\/onechocolate.fr\/en\/partners\/","url":"https:\/\/onechocolate.fr\/en\/partners\/","name":"Partner Networks - OneChocolate","isPartOf":{"@id":"https:\/\/onechocolate.fr\/en\/#website"},"datePublished":"2024-08-10T15:43:02+00:00","dateModified":"2026-02-10T23:08:49+00:00","description":"Leverage our global networks of independent PR agencies to tailor your PR strategy to every market.","breadcrumb":{"@id":"https:\/\/onechocolate.fr\/en\/partners\/#breadcrumb"},"inLanguage":"en-US","potentialAction":[{"@type":"ReadAction","target":["https:\/\/onechocolate.fr\/en\/partners\/"]}]},{"@type":"BreadcrumbList","@id":"https:\/\/onechocolate.fr\/en\/partners\/#breadcrumb","itemListElement":[{"@type":"ListItem","position":1,"name":"Accueil","item":"https:\/\/onechocolate.fr\/en\/"},{"@type":"ListItem","position":2,"name":"Partner Networks"}]},{"@type":"WebSite","@id":"https:\/\/onechocolate.fr\/en\/#website","url":"https:\/\/onechocolate.fr\/en\/","name":"OneChocolate","description":"Votre visibilit\u00e9, notre priorit\u00e9 !","publisher":{"@id":"https:\/\/onechocolate.fr\/en\/#organization"},"alternateName":"OneChocolate France","potentialAction":[{"@type":"SearchAction","target":{"@type":"EntryPoint","urlTemplate":"https:\/\/onechocolate.fr\/en\/?s={search_term_string}"},"query-input":{"@type":"PropertyValueSpecification","valueRequired":true,"valueName":"search_term_string"}}],"inLanguage":"en-US"},{"@type":"Organization","@id":"https:\/\/onechocolate.fr\/en\/#organization","name":"OneChocolate France","alternateName":"OneChocolate","url":"https:\/\/onechocolate.fr\/en\/","logo":{"@type":"ImageObject","inLanguage":"en-US","@id":"https:\/\/onechocolate.fr\/en\/#\/schema\/logo\/image\/","url":"https:\/\/onechocolate.fr\/wp-content\/uploads\/2025\/03\/opengraph.jpg","contentUrl":"https:\/\/onechocolate.fr\/wp-content\/uploads\/2025\/03\/opengraph.jpg","width":1200,"height":630,"caption":"OneChocolate France"},"image":{"@id":"https:\/\/onechocolate.fr\/en\/#\/schema\/logo\/image\/"},"sameAs":["https:\/\/www.linkedin.com\/company\/onechocolatefrance\/","https:\/\/www.youtube.com\/@EdouardFleuriau-Chateau","https:\/\/www.instagram.com\/onechocolate_fr"],"description":"OneChocolate est une agence de relations presse et de communication digitale ind\u00e9pendante bas\u00e9e \u00e0 Paris. Depuis 1996, elle accompagne les marques tech B2B (Veeam), cybers\u00e9curit\u00e9, fintech-assurtech et lifestyle dans leur strat\u00e9gie de visibilit\u00e9, en France et \u00e0 l\u2019international. Son \u00e9quipe d'experts con\u00e7oit des campagnes sur mesure en relations presse, cr\u00e9ation de contenu et r\u00e9seaux sociaux, guid\u00e9e par des valeurs humaines fortes : int\u00e9grit\u00e9, empathie, esprit d\u2019\u00e9quipe.","email":"hello@onechocolate.fr","telephone":"+33 1 41 31 75 00","legalName":"KIWIS & KAKIS","foundingDate":"1996-03-01","vatID":"FR45830886685","taxID":"83088668500023","numberOfEmployees":{"@type":"QuantitativeValue","minValue":"11","maxValue":"50"},"publishingPrinciples":"https:\/\/onechocolate.fr\/","ethicsPolicy":"https:\/\/onechocolate.fr\/identite\/","diversityPolicy":"https:\/\/onechocolate.fr\/identite\/","diversityStaffingReport":"https:\/\/onechocolate.fr\/identite\/"}]}},"_links":{"self":[{"href":"https:\/\/onechocolate.fr\/en\/wp-json\/wp\/v2\/pages\/3152","targetHints":{"allow":["GET"]}}],"collection":[{"href":"https:\/\/onechocolate.fr\/en\/wp-json\/wp\/v2\/pages"}],"about":[{"href":"https:\/\/onechocolate.fr\/en\/wp-json\/wp\/v2\/types\/page"}],"author":[{"embeddable":true,"href":"https:\/\/onechocolate.fr\/en\/wp-json\/wp\/v2\/users\/1"}],"replies":[{"embeddable":true,"href":"https:\/\/onechocolate.fr\/en\/wp-json\/wp\/v2\/comments?post=3152"}],"version-history":[{"count":2,"href":"https:\/\/onechocolate.fr\/en\/wp-json\/wp\/v2\/pages\/3152\/revisions"}],"predecessor-version":[{"id":3489,"href":"https:\/\/onechocolate.fr\/en\/wp-json\/wp\/v2\/pages\/3152\/revisions\/3489"}],"wp:attachment":[{"href":"https:\/\/onechocolate.fr\/en\/wp-json\/wp\/v2\/media?parent=3152"}],"curies":[{"name":"wp","href":"https:\/\/api.w.org\/{rel}","templated":true}]}}