{"id":4090,"date":"2020-02-21T16:37:26","date_gmt":"2020-02-21T15:37:26","guid":{"rendered":"https:\/\/oc.artception.fr\/terms-of-use-privacy-policy\/"},"modified":"2026-02-11T00:08:19","modified_gmt":"2026-02-10T23:08:19","slug":"terms-of-use-privacy-policy","status":"publish","type":"page","link":"https:\/\/onechocolate.fr\/en\/terms-of-use-privacy-policy\/","title":{"rendered":"Terms of Use &#038; Privacy Policy"},"content":{"rendered":"<h1><strong>Privacy Settings<\/strong><\/h1>\n<p>We collect and process your data through this website in order to better understand how it is used. We always request your consent for this purpose. You can modify your privacy settings here.<\/p>\n<p><button id=\"ppms_cm_privacy_settings_button\" class=\"ppms_cm_privacy_settings_button_show\">Manage Settings<\/button><\/p>\n<h2><strong>Legal Notice<\/strong><\/h2>\n<h3><strong>Personal Data<\/strong><\/h3>\n<p>The information collected on this site is for the exclusive use of OneChocolate. In accordance with Article 34 of the French Data Protection Act (\u201cInformatique et Libert\u00e9s\u201d), you have the right to access, modify, rectify, and delete any data concerning you. If you wish to exercise this right, please send an email request to: <a href=\"mailto:hello@onechocolate.fr\">hello@onechocolate.fr<\/a><\/p>\n<h3><strong>Reproduction of Content<\/strong><\/h3>\n<p>All graphics, text, photographs, illustrations, downloadable documents, and, more generally, every element comprising the OneChocolate website, are protected under French intellectual property law. Unless used for private purposes, any reproduction (even in part) of any element of the OneChocolate site must be requested in advance by emailing OneChocolate at: <a href=\"mailto:hello@onechocolate.fr\">hello@onechocolate.fr<\/a><\/p>\n<h3><strong>Liability<\/strong><\/h3>\n<p>The OneChocolate website cannot be held responsible for any use of the site or its content that does not comply with applicable laws. This site may contain information provided by external companies or hyperlinks to other sites that are not managed by OneChocolate. The existence of a link from OneChocolate to another site does not imply approval of that site or its content. Any posted message, generally speaking, remains the sole responsibility of its author.<\/p>\n<h3><strong>GDPR \/ Cookies<\/strong><\/h3>\n<p>One or more \u201ccookies\u201d may be placed on a visitor\u2019s computer hard drive in order to facilitate site login, manage accounts, or remember preferences. No link is made between these cookies and any personal data OneChocolate may hold. When you browse our website, information may be stored or read on your device, subject to your choices. These are cookies: small text files placed on your device to help the site provide a better user experience. Typically, cookies are used to store user preferences, record information, and supply anonymized tracking data to third-party applications such as Google Analytics.<\/p>\n<p>In general, cookies will enhance your browsing experience. However, you can disable cookies on this site and on others. One effective method is to disable cookies in your browser. We suggest consulting your browser\u2019s Help section or the <a href=\"http:\/\/www.aboutcookies.org\/\">About Cookies website<\/a>, which provides guidance for all modern browsers.<\/p>\n<p><span lang=\"EN-US\"><strong>Site hosted<\/strong>\u00a0<strong>by GlobalSP\u00a0<\/strong>:\u00a0<a href=\"https:\/\/www.globalsp.com\/\" target=\"_blank\" rel=\"noopener noreferrer\">https:\/\/www.globalsp.com\/<\/a><\/span><\/p>\n<p><strong>Publications director\u00a0<\/strong>Edouard Fleuriau-Chateau<\/p>\n<p><strong>Legal Information<\/strong><\/p>\n<p>Entreprise unipersonnelle \u00e0 responsabilit\u00e9 limit\u00e9e (EURL) with a share capital of 1 000,00 euros, N\u00b0 Siret : 83088668500023, Code NAF : 70.21Z<\/p>\n<p><strong>Contact<\/strong><\/p>\n<p>OneChocolate<br \/>\n9, rue de Clichy, 75009 Paris<br \/>\nPhone : +33 (0)1 41 31 75 00<br \/>\nMail : <a href=\"mailto:hello@onechocolate.fr\"><u>hello@onechocolate.fr<\/u><\/a><\/p>\n","protected":false},"excerpt":{"rendered":"<p>Privacy Settings We collect and process your data through this website in order to better understand how it is used. We always request your consent for this purpose. You can modify your privacy settings here. Manage Settings Legal Notice Personal Data The information collected on this site is for the exclusive use of OneChocolate. In [&hellip;]<\/p>\n","protected":false},"author":1,"featured_media":0,"parent":0,"menu_order":0,"comment_status":"closed","ping_status":"closed","template":"","meta":{"_acf_changed":false,"footnotes":""},"class_list":["post-4090","page","type-page","status-publish","hentry"],"acf":[],"yoast_head":"<!-- This site is optimized with the Yoast SEO Premium plugin v27.3 (Yoast SEO v27.3) - https:\/\/yoast.com\/product\/yoast-seo-premium-wordpress\/ -->\n<title>OneChocolate - Terms of Use &amp; Privacy Policy<\/title>\n<meta name=\"description\" content=\"By using OneChocolate&#039;s website, you accept the Terms of Use &amp; Privacy Policy.\" \/>\n<meta name=\"robots\" content=\"index, follow, max-snippet:-1, max-image-preview:large, max-video-preview:-1\" \/>\n<link rel=\"canonical\" href=\"https:\/\/onechocolate.fr\/en\/terms-of-use-privacy-policy\/\" \/>\n<meta property=\"og:locale\" content=\"en_US\" \/>\n<meta property=\"og:type\" content=\"article\" \/>\n<meta property=\"og:title\" content=\"Terms of Use &amp; Privacy Policy\" \/>\n<meta property=\"og:description\" content=\"By using OneChocolate&#039;s website, you accept the Terms of Use &amp; Privacy Policy.\" \/>\n<meta property=\"og:url\" content=\"https:\/\/onechocolate.fr\/en\/terms-of-use-privacy-policy\/\" \/>\n<meta property=\"og:site_name\" content=\"OneChocolate\" \/>\n<meta property=\"article:modified_time\" content=\"2026-02-10T23:08:19+00:00\" \/>\n<meta property=\"og:image\" content=\"https:\/\/onechocolate.fr\/wp-content\/uploads\/2025\/03\/opengraph.jpg\" \/>\n\t<meta property=\"og:image:width\" content=\"1200\" \/>\n\t<meta property=\"og:image:height\" content=\"630\" \/>\n\t<meta property=\"og:image:type\" content=\"image\/jpeg\" \/>\n<meta name=\"twitter:card\" content=\"summary_large_image\" \/>\n<meta name=\"twitter:label1\" content=\"Est. reading time\" \/>\n\t<meta name=\"twitter:data1\" content=\"2 minutes\" \/>\n<script type=\"application\/ld+json\" class=\"yoast-schema-graph\">{\"@context\":\"https:\\\/\\\/schema.org\",\"@graph\":[{\"@type\":\"WebPage\",\"@id\":\"https:\\\/\\\/onechocolate.fr\\\/en\\\/terms-of-use-privacy-policy\\\/\",\"url\":\"https:\\\/\\\/onechocolate.fr\\\/en\\\/terms-of-use-privacy-policy\\\/\",\"name\":\"OneChocolate - Terms of Use & Privacy Policy\",\"isPartOf\":{\"@id\":\"https:\\\/\\\/onechocolate.fr\\\/en\\\/#website\"},\"datePublished\":\"2020-02-21T15:37:26+00:00\",\"dateModified\":\"2026-02-10T23:08:19+00:00\",\"description\":\"By using OneChocolate's website, you accept the Terms of Use & Privacy Policy.\",\"breadcrumb\":{\"@id\":\"https:\\\/\\\/onechocolate.fr\\\/en\\\/terms-of-use-privacy-policy\\\/#breadcrumb\"},\"inLanguage\":\"en-US\",\"potentialAction\":[{\"@type\":\"ReadAction\",\"target\":[\"https:\\\/\\\/onechocolate.fr\\\/en\\\/terms-of-use-privacy-policy\\\/\"]}]},{\"@type\":\"BreadcrumbList\",\"@id\":\"https:\\\/\\\/onechocolate.fr\\\/en\\\/terms-of-use-privacy-policy\\\/#breadcrumb\",\"itemListElement\":[{\"@type\":\"ListItem\",\"position\":1,\"name\":\"Accueil\",\"item\":\"https:\\\/\\\/onechocolate.fr\\\/en\\\/\"},{\"@type\":\"ListItem\",\"position\":2,\"name\":\"Terms of Use &#038; Privacy Policy\"}]},{\"@type\":\"WebSite\",\"@id\":\"https:\\\/\\\/onechocolate.fr\\\/en\\\/#website\",\"url\":\"https:\\\/\\\/onechocolate.fr\\\/en\\\/\",\"name\":\"OneChocolate\",\"description\":\"Votre visibilit\u00e9, notre priorit\u00e9 !\",\"publisher\":{\"@id\":\"https:\\\/\\\/onechocolate.fr\\\/en\\\/#organization\"},\"alternateName\":\"OneChocolate France\",\"potentialAction\":[{\"@type\":\"SearchAction\",\"target\":{\"@type\":\"EntryPoint\",\"urlTemplate\":\"https:\\\/\\\/onechocolate.fr\\\/en\\\/?s={search_term_string}\"},\"query-input\":{\"@type\":\"PropertyValueSpecification\",\"valueRequired\":true,\"valueName\":\"search_term_string\"}}],\"inLanguage\":\"en-US\"},{\"@type\":\"Organization\",\"@id\":\"https:\\\/\\\/onechocolate.fr\\\/en\\\/#organization\",\"name\":\"OneChocolate France\",\"alternateName\":\"OneChocolate\",\"url\":\"https:\\\/\\\/onechocolate.fr\\\/en\\\/\",\"logo\":{\"@type\":\"ImageObject\",\"inLanguage\":\"en-US\",\"@id\":\"https:\\\/\\\/onechocolate.fr\\\/en\\\/#\\\/schema\\\/logo\\\/image\\\/\",\"url\":\"https:\\\/\\\/onechocolate.fr\\\/wp-content\\\/uploads\\\/2025\\\/03\\\/opengraph.jpg\",\"contentUrl\":\"https:\\\/\\\/onechocolate.fr\\\/wp-content\\\/uploads\\\/2025\\\/03\\\/opengraph.jpg\",\"width\":1200,\"height\":630,\"caption\":\"OneChocolate France\"},\"image\":{\"@id\":\"https:\\\/\\\/onechocolate.fr\\\/en\\\/#\\\/schema\\\/logo\\\/image\\\/\"},\"sameAs\":[\"https:\\\/\\\/www.linkedin.com\\\/company\\\/onechocolatefrance\\\/\",\"https:\\\/\\\/www.youtube.com\\\/@EdouardFleuriau-Chateau\",\"https:\\\/\\\/www.instagram.com\\\/onechocolate_fr\"],\"description\":\"OneChocolate est une agence de relations presse et de communication digitale ind\u00e9pendante bas\u00e9e \u00e0 Paris. Depuis 1996, elle accompagne les marques tech B2B (Veeam), cybers\u00e9curit\u00e9, fintech-assurtech et lifestyle dans leur strat\u00e9gie de visibilit\u00e9, en France et \u00e0 l\u2019international. Son \u00e9quipe d'experts con\u00e7oit des campagnes sur mesure en relations presse, cr\u00e9ation de contenu et r\u00e9seaux sociaux, guid\u00e9e par des valeurs humaines fortes : int\u00e9grit\u00e9, empathie, esprit d\u2019\u00e9quipe.\",\"email\":\"hello@onechocolate.fr\",\"telephone\":\"+33 1 41 31 75 00\",\"legalName\":\"KIWIS & KAKIS\",\"foundingDate\":\"1996-03-01\",\"vatID\":\"FR45830886685\",\"taxID\":\"83088668500023\",\"numberOfEmployees\":{\"@type\":\"QuantitativeValue\",\"minValue\":\"11\",\"maxValue\":\"50\"},\"publishingPrinciples\":\"https:\\\/\\\/onechocolate.fr\\\/\",\"ethicsPolicy\":\"https:\\\/\\\/onechocolate.fr\\\/identite\\\/\",\"diversityPolicy\":\"https:\\\/\\\/onechocolate.fr\\\/identite\\\/\",\"diversityStaffingReport\":\"https:\\\/\\\/onechocolate.fr\\\/identite\\\/\"}]}<\/script>\n<!-- \/ Yoast SEO Premium plugin. -->","yoast_head_json":{"title":"OneChocolate - Terms of Use & Privacy Policy","description":"By using OneChocolate's website, you accept the Terms of Use & Privacy Policy.","robots":{"index":"index","follow":"follow","max-snippet":"max-snippet:-1","max-image-preview":"max-image-preview:large","max-video-preview":"max-video-preview:-1"},"canonical":"https:\/\/onechocolate.fr\/en\/terms-of-use-privacy-policy\/","og_locale":"en_US","og_type":"article","og_title":"Terms of Use & Privacy Policy","og_description":"By using OneChocolate's website, you accept the Terms of Use & Privacy Policy.","og_url":"https:\/\/onechocolate.fr\/en\/terms-of-use-privacy-policy\/","og_site_name":"OneChocolate","article_modified_time":"2026-02-10T23:08:19+00:00","og_image":[{"width":1200,"height":630,"url":"https:\/\/onechocolate.fr\/wp-content\/uploads\/2025\/03\/opengraph.jpg","type":"image\/jpeg"}],"twitter_card":"summary_large_image","twitter_misc":{"Est. reading time":"2 minutes"},"schema":{"@context":"https:\/\/schema.org","@graph":[{"@type":"WebPage","@id":"https:\/\/onechocolate.fr\/en\/terms-of-use-privacy-policy\/","url":"https:\/\/onechocolate.fr\/en\/terms-of-use-privacy-policy\/","name":"OneChocolate - Terms of Use & Privacy Policy","isPartOf":{"@id":"https:\/\/onechocolate.fr\/en\/#website"},"datePublished":"2020-02-21T15:37:26+00:00","dateModified":"2026-02-10T23:08:19+00:00","description":"By using OneChocolate's website, you accept the Terms of Use & Privacy Policy.","breadcrumb":{"@id":"https:\/\/onechocolate.fr\/en\/terms-of-use-privacy-policy\/#breadcrumb"},"inLanguage":"en-US","potentialAction":[{"@type":"ReadAction","target":["https:\/\/onechocolate.fr\/en\/terms-of-use-privacy-policy\/"]}]},{"@type":"BreadcrumbList","@id":"https:\/\/onechocolate.fr\/en\/terms-of-use-privacy-policy\/#breadcrumb","itemListElement":[{"@type":"ListItem","position":1,"name":"Accueil","item":"https:\/\/onechocolate.fr\/en\/"},{"@type":"ListItem","position":2,"name":"Terms of Use &#038; Privacy Policy"}]},{"@type":"WebSite","@id":"https:\/\/onechocolate.fr\/en\/#website","url":"https:\/\/onechocolate.fr\/en\/","name":"OneChocolate","description":"Votre visibilit\u00e9, notre priorit\u00e9 !","publisher":{"@id":"https:\/\/onechocolate.fr\/en\/#organization"},"alternateName":"OneChocolate France","potentialAction":[{"@type":"SearchAction","target":{"@type":"EntryPoint","urlTemplate":"https:\/\/onechocolate.fr\/en\/?s={search_term_string}"},"query-input":{"@type":"PropertyValueSpecification","valueRequired":true,"valueName":"search_term_string"}}],"inLanguage":"en-US"},{"@type":"Organization","@id":"https:\/\/onechocolate.fr\/en\/#organization","name":"OneChocolate France","alternateName":"OneChocolate","url":"https:\/\/onechocolate.fr\/en\/","logo":{"@type":"ImageObject","inLanguage":"en-US","@id":"https:\/\/onechocolate.fr\/en\/#\/schema\/logo\/image\/","url":"https:\/\/onechocolate.fr\/wp-content\/uploads\/2025\/03\/opengraph.jpg","contentUrl":"https:\/\/onechocolate.fr\/wp-content\/uploads\/2025\/03\/opengraph.jpg","width":1200,"height":630,"caption":"OneChocolate France"},"image":{"@id":"https:\/\/onechocolate.fr\/en\/#\/schema\/logo\/image\/"},"sameAs":["https:\/\/www.linkedin.com\/company\/onechocolatefrance\/","https:\/\/www.youtube.com\/@EdouardFleuriau-Chateau","https:\/\/www.instagram.com\/onechocolate_fr"],"description":"OneChocolate est une agence de relations presse et de communication digitale ind\u00e9pendante bas\u00e9e \u00e0 Paris. Depuis 1996, elle accompagne les marques tech B2B (Veeam), cybers\u00e9curit\u00e9, fintech-assurtech et lifestyle dans leur strat\u00e9gie de visibilit\u00e9, en France et \u00e0 l\u2019international. Son \u00e9quipe d'experts con\u00e7oit des campagnes sur mesure en relations presse, cr\u00e9ation de contenu et r\u00e9seaux sociaux, guid\u00e9e par des valeurs humaines fortes : int\u00e9grit\u00e9, empathie, esprit d\u2019\u00e9quipe.","email":"hello@onechocolate.fr","telephone":"+33 1 41 31 75 00","legalName":"KIWIS & KAKIS","foundingDate":"1996-03-01","vatID":"FR45830886685","taxID":"83088668500023","numberOfEmployees":{"@type":"QuantitativeValue","minValue":"11","maxValue":"50"},"publishingPrinciples":"https:\/\/onechocolate.fr\/","ethicsPolicy":"https:\/\/onechocolate.fr\/identite\/","diversityPolicy":"https:\/\/onechocolate.fr\/identite\/","diversityStaffingReport":"https:\/\/onechocolate.fr\/identite\/"}]}},"_links":{"self":[{"href":"https:\/\/onechocolate.fr\/en\/wp-json\/wp\/v2\/pages\/4090","targetHints":{"allow":["GET"]}}],"collection":[{"href":"https:\/\/onechocolate.fr\/en\/wp-json\/wp\/v2\/pages"}],"about":[{"href":"https:\/\/onechocolate.fr\/en\/wp-json\/wp\/v2\/types\/page"}],"author":[{"embeddable":true,"href":"https:\/\/onechocolate.fr\/en\/wp-json\/wp\/v2\/users\/1"}],"replies":[{"embeddable":true,"href":"https:\/\/onechocolate.fr\/en\/wp-json\/wp\/v2\/comments?post=4090"}],"version-history":[{"count":2,"href":"https:\/\/onechocolate.fr\/en\/wp-json\/wp\/v2\/pages\/4090\/revisions"}],"predecessor-version":[{"id":4342,"href":"https:\/\/onechocolate.fr\/en\/wp-json\/wp\/v2\/pages\/4090\/revisions\/4342"}],"wp:attachment":[{"href":"https:\/\/onechocolate.fr\/en\/wp-json\/wp\/v2\/media?parent=4090"}],"curies":[{"name":"wp","href":"https:\/\/api.w.org\/{rel}","templated":true}]}}